{"id":192,"date":"2025-06-19T11:23:44","date_gmt":"2025-06-19T11:23:44","guid":{"rendered":"https:\/\/beiaardharderwijk.nl\/?page_id=192"},"modified":"2025-06-19T11:23:44","modified_gmt":"2025-06-19T11:23:44","slug":"wim-ruitenbeek-11-07-2025","status":"publish","type":"page","link":"https:\/\/beiaardharderwijk.nl\/index.php\/wim-ruitenbeek-11-07-2025\/","title":{"rendered":"Wim Ruitenbeek (11 07 2025)"},"content":{"rendered":"\n<p>Beiaardconcert Harderwijk<br>Vrijdag 11 juli 2025, 19.30-20.30 uur<br>Door Wim Ruitenbeek<br><img loading=\"lazy\" decoding=\"async\" width=\"500\" height=\"333\" class=\"wp-image-160\" style=\"width: 500px;\" src=\"https:\/\/beiaardharderwijk.nl\/wp-content\/uploads\/2025\/06\/BeiaardierGemeenteVelsen-12-scaled.jpg\" alt=\"\" srcset=\"https:\/\/beiaardharderwijk.nl\/wp-content\/uploads\/2025\/06\/BeiaardierGemeenteVelsen-12-scaled.jpg 2560w, https:\/\/beiaardharderwijk.nl\/wp-content\/uploads\/2025\/06\/BeiaardierGemeenteVelsen-12-300x200.jpg 300w, https:\/\/beiaardharderwijk.nl\/wp-content\/uploads\/2025\/06\/BeiaardierGemeenteVelsen-12-1024x683.jpg 1024w, https:\/\/beiaardharderwijk.nl\/wp-content\/uploads\/2025\/06\/BeiaardierGemeenteVelsen-12-768x512.jpg 768w, https:\/\/beiaardharderwijk.nl\/wp-content\/uploads\/2025\/06\/BeiaardierGemeenteVelsen-12-1536x1024.jpg 1536w, https:\/\/beiaardharderwijk.nl\/wp-content\/uploads\/2025\/06\/BeiaardierGemeenteVelsen-12-2048x1365.jpg 2048w\" sizes=\"auto, (max-width: 500px) 100vw, 500px\" \/><\/p>\n\n\n\n<p>Wim Ruitenbeek (1978) is, na Wim Westerop en Freek Bakker, sinds 2018 de derde beiaardier van Harderwijk. Elke zaterdagmorgen kleurt hij de sfeer in de stad met een breed palet aan muzikale stijlen, vaak inspelend op de actualiteit, iets uit het nieuws, of gewoon passend bij het seizoen en de feestdagen. Het gebeurt ook dat Wim gevraagd wordt om voor een bepaalde gelegenheid tijdens de bespeling een lied op verzoek te spelen. Wilt u ook voor uzelf of voor iemand anders een lied aanvragen? Neem dan contact op via <a href=\"mailto:wimdebeiaardier@gmail.com\">wimdebeiaardier@gmail.com<\/a>.<\/p>\n\n\n\n<ol class=\"wp-block-list\">\n<li>De toren danst<\/li>\n<\/ol>\n\n\n\n<ul class=\"wp-block-list\">\n<li>Geschichten aus dem Wienerwald Op. 325 Johann Strau\u00df jr. (1825-1899)<\/li>\n<\/ul>\n\n\n\n<ol class=\"wp-block-list\">\n<li>Barokmuziek<br>uit: Alexander&#8217;s Feast\u00a0(HWV\u00a075) Georg Friedrich H\u00e4ndel (1685-1759)<\/li>\n<\/ol>\n\n\n\n<ul class=\"wp-block-list\">\n<li>Overture<\/li>\n\n\n\n<li>Andante<\/li>\n\n\n\n<li>Recitatief (tenor):\u00a0&#8216;Twas at the royal feast<\/li>\n\n\n\n<li>Aria:\u00a0Happy, happy pair<\/li>\n<\/ul>\n\n\n\n<ol class=\"wp-block-list\">\n<li>Catalaanse Muziek<br>a. Pavana &#8211; Capricho, opus 12 Isaac Alb\u00e9niz\u00a0(1860\u00a0&#8211;\u00a01909)<br>b. La Campana de la Tarde (Bocetos nr. 4) Enrique Granados (1867-1916)<br>c. Sue\u00f1o tr\u00e9molo Francisco T\u00e1rrega (1852-1909)<\/li>\n\n\n\n<li>Origineel voor beiaard<\/li>\n<\/ol>\n\n\n\n<ul class=\"wp-block-list\">\n<li>Romance Capriccioso Romke de Waard (1919-2003)<br>over het lied \u201cHet Loose Vissertje\u201d<\/li>\n<\/ul>\n\n\n\n<ol class=\"wp-block-list\">\n<li>Operette<br>Uit: Die Lustige Witwe Franz Leh\u00e1r (1870-1948)<\/li>\n<\/ol>\n\n\n\n<ul class=\"wp-block-list\">\n<li>Ich bin eine anst\u00e4ndige Frau<\/li>\n\n\n\n<li>Jetzt geh&#8217; ich ins Maxim<\/li>\n\n\n\n<li>Viljalied<\/li>\n\n\n\n<li>Walzer-Intermezzo \u2018Lippen schweigen\u2019<\/li>\n<\/ul>\n\n\n\n<ol class=\"wp-block-list\">\n<li>Serenade<br>uit: Rusalka (opus 114) Antonin Dvorak (1841-1904)<\/li>\n<\/ol>\n\n\n\n<ul class=\"wp-block-list\">\n<li>Song to the Moon<\/li>\n<\/ul>\n\n\n\n<p>Bewerkingen voor beiaard: Wim Franken (1) en Wim Ruitenbeek (2, 3, 5, 6).<br>Nummer 4 is origineel voor beiaard gecomponeerd.<\/p>\n","protected":false},"excerpt":{"rendered":"<p>Beiaardconcert HarderwijkVrijdag 11 juli 2025, 19.30-20.30 uurDoor Wim Ruitenbeek Wim Ruitenbeek (1978) is, na Wim Westerop en Freek Bakker, sinds 2018 de derde beiaardier van Harderwijk. Elke zaterdagmorgen kleurt hij de sfeer in de stad met een breed palet aan muzikale stijlen, vaak inspelend op de actualiteit, iets uit het nieuws, of gewoon passend bij [&hellip;]<\/p>\n","protected":false},"author":1,"featured_media":0,"parent":0,"menu_order":0,"comment_status":"closed","ping_status":"closed","template":"","meta":{"footnotes":""},"class_list":["post-192","page","type-page","status-publish","hentry"],"blocksy_meta":[],"_links":{"self":[{"href":"https:\/\/beiaardharderwijk.nl\/index.php\/wp-json\/wp\/v2\/pages\/192","targetHints":{"allow":["GET"]}}],"collection":[{"href":"https:\/\/beiaardharderwijk.nl\/index.php\/wp-json\/wp\/v2\/pages"}],"about":[{"href":"https:\/\/beiaardharderwijk.nl\/index.php\/wp-json\/wp\/v2\/types\/page"}],"author":[{"embeddable":true,"href":"https:\/\/beiaardharderwijk.nl\/index.php\/wp-json\/wp\/v2\/users\/1"}],"replies":[{"embeddable":true,"href":"https:\/\/beiaardharderwijk.nl\/index.php\/wp-json\/wp\/v2\/comments?post=192"}],"version-history":[{"count":1,"href":"https:\/\/beiaardharderwijk.nl\/index.php\/wp-json\/wp\/v2\/pages\/192\/revisions"}],"predecessor-version":[{"id":194,"href":"https:\/\/beiaardharderwijk.nl\/index.php\/wp-json\/wp\/v2\/pages\/192\/revisions\/194"}],"wp:attachment":[{"href":"https:\/\/beiaardharderwijk.nl\/index.php\/wp-json\/wp\/v2\/media?parent=192"}],"curies":[{"name":"wp","href":"https:\/\/api.w.org\/{rel}","templated":true}]}}