{"id":167,"date":"2025-06-19T11:01:36","date_gmt":"2025-06-19T11:01:36","guid":{"rendered":"https:\/\/beiaardharderwijk.nl\/?page_id=167"},"modified":"2025-06-19T11:02:43","modified_gmt":"2025-06-19T11:02:43","slug":"janno-den-engelsman","status":"publish","type":"page","link":"https:\/\/beiaardharderwijk.nl\/index.php\/janno-den-engelsman\/","title":{"rendered":"Janno den Engelsman"},"content":{"rendered":"\n<p>Beiaardconcert Harderwijk<br>Vrijdag 18 juli 2025, 19.30-20.30 uur<br>Door Janno den Engelsman<br><img loading=\"lazy\" decoding=\"async\" width=\"500\" height=\"415\" class=\"wp-image-153\" style=\"width: 500px;\" src=\"https:\/\/beiaardharderwijk.nl\/wp-content\/uploads\/2025\/06\/2025-07-17-foto-Janno.jpg\" alt=\"\" srcset=\"https:\/\/beiaardharderwijk.nl\/wp-content\/uploads\/2025\/06\/2025-07-17-foto-Janno.jpg 669w, https:\/\/beiaardharderwijk.nl\/wp-content\/uploads\/2025\/06\/2025-07-17-foto-Janno-300x249.jpg 300w\" sizes=\"auto, (max-width: 500px) 100vw, 500px\" \/><br><br>Janno den Engelsman studeerde orgel, klavecimbel en kerkmuziek aan het Utrechts<br>Conservatorium en volgde priv\u00e9lessen bij organist Liuwe Tamminga in Bologna,Itali\u00eb. Hij<br>ontving de Sakko-prijs voor Kunst en Literatuur voor zijn muzikale activiteiten en won prijzen<br>bij verschillende concoursen. In 2007 behaalde hij zijn Master-diploma aan de Nederlandse<br>Beiaardschool in Amersfoort. Hij volgde ook beiaardcursussen bij Geert D\u2019hollander.<br>In Europa en de VS gaf hij beiaardconcerten en lezingen over beiaardcultuur. Tussen 2009<br>en 2013 was hij bestuurslid van de Nederlandse Klokkenspel Vereniging (KNKV).<br>Janno doceert toetsen aan de Zeeuwse Muziekschool in Middelburg en is stadsbeiaardier<br>van Middelburg, Zierikzee, Bergen op Zoom en dorpsbeiaardier van Halsteren.<\/p>\n\n\n\n<p>1.Spaans\/Latijns-Amerikaans<br>a. Preludio Isaac Alb\u00e9niz (1860-1909)<br>b. Perfidia Alberto Dominguez (1913-1975)<br>c. El Choclo-Tango Angel Villoldo (1861-1919)<\/p>\n\n\n\n<p>2.Barok<br>Sarabande &amp; Chaconne uit Suite III Elisabeth Jacquet de la Guerre (1665-1729)<\/p>\n\n\n\n<p>3.Jazz<br>Desafinado, Night and Day, Blue moon<\/p>\n\n\n\n<p>4.Barok<br>a. Dansen uit \u2018Terpsichore\u2019 Michael Praetorius (1571-1621)<br>Passamezze<br>Gaillarde<br>La Bourree<br>Sarabande<br>Ballet des Coqs<br>Voltes<br>b. Chaconne Johann Kaspar Ferdinand Fischer (1665-1746)<\/p>\n\n\n\n<p>5.Popsongs<br>a. Bitterzoet Eefje de Visser (1986)<br>b. Brother Racoon<\/p>\n\n\n\n<ol start=\"6\" class=\"wp-block-list\">\n<li>Romantische dansen<br>a. Was blumen tr\u00e4umen Siegfried Translateur (1875-1944)<br>b. An der sch\u00f6nen blauen Donau. Walzer op.314 Johann Strau\u00df II (1825-1899)<br>c. Banditen-Galopp (Polka) Johann Strau\u00df II<\/li>\n<\/ol>\n\n\n\n<p>Bewerkingen voor beiaard: Marcel Siebers (1a), Arie Abbenes (1c), Janno den Engelsman<br>(2,4a, 5, 6b), Bernard Winsemius (4b, 6a), Martien van der Knijff (6c).<\/p>\n","protected":false},"excerpt":{"rendered":"<p>Beiaardconcert HarderwijkVrijdag 18 juli 2025, 19.30-20.30 uurDoor Janno den Engelsman Janno den Engelsman studeerde orgel, klavecimbel en kerkmuziek aan het UtrechtsConservatorium en volgde priv\u00e9lessen bij organist Liuwe Tamminga in Bologna,Itali\u00eb. Hijontving de Sakko-prijs voor Kunst en Literatuur voor zijn muzikale activiteiten en won prijzenbij verschillende concoursen. In 2007 behaalde hij zijn Master-diploma aan de NederlandseBeiaardschool [&hellip;]<\/p>\n","protected":false},"author":1,"featured_media":0,"parent":0,"menu_order":0,"comment_status":"closed","ping_status":"closed","template":"","meta":{"footnotes":""},"class_list":["post-167","page","type-page","status-publish","hentry"],"blocksy_meta":[],"_links":{"self":[{"href":"https:\/\/beiaardharderwijk.nl\/index.php\/wp-json\/wp\/v2\/pages\/167","targetHints":{"allow":["GET"]}}],"collection":[{"href":"https:\/\/beiaardharderwijk.nl\/index.php\/wp-json\/wp\/v2\/pages"}],"about":[{"href":"https:\/\/beiaardharderwijk.nl\/index.php\/wp-json\/wp\/v2\/types\/page"}],"author":[{"embeddable":true,"href":"https:\/\/beiaardharderwijk.nl\/index.php\/wp-json\/wp\/v2\/users\/1"}],"replies":[{"embeddable":true,"href":"https:\/\/beiaardharderwijk.nl\/index.php\/wp-json\/wp\/v2\/comments?post=167"}],"version-history":[{"count":3,"href":"https:\/\/beiaardharderwijk.nl\/index.php\/wp-json\/wp\/v2\/pages\/167\/revisions"}],"predecessor-version":[{"id":171,"href":"https:\/\/beiaardharderwijk.nl\/index.php\/wp-json\/wp\/v2\/pages\/167\/revisions\/171"}],"wp:attachment":[{"href":"https:\/\/beiaardharderwijk.nl\/index.php\/wp-json\/wp\/v2\/media?parent=167"}],"curies":[{"name":"wp","href":"https:\/\/api.w.org\/{rel}","templated":true}]}}